{"id":1959,"date":"2025-03-20T17:59:55","date_gmt":"2025-03-20T17:59:55","guid":{"rendered":"https:\/\/elysiumecoboat.com\/ueber-uns\/"},"modified":"2025-05-09T09:43:45","modified_gmt":"2025-05-09T09:43:45","slug":"ueber-uns","status":"publish","type":"page","link":"https:\/\/elysiumecoboat.com\/de\/ueber-uns\/","title":{"rendered":"\u00dcber uns"},"content":{"rendered":"\t\t<div data-elementor-type=\"wp-page\" data-elementor-id=\"1959\" class=\"elementor elementor-1959 elementor-579\" data-elementor-post-type=\"page\">\n\t\t\t\t\t\t<section class=\"elementor-section elementor-top-section elementor-element elementor-element-ad356ce elementor-section-height-min-height elementor-section-boxed elementor-section-height-default elementor-section-items-middle\" data-id=\"ad356ce\" data-element_type=\"section\" data-e-type=\"section\" data-settings=\"{&quot;background_background&quot;:&quot;classic&quot;}\">\n\t\t\t\t\t\t\t<div class=\"elementor-background-overlay\"><\/div>\n\t\t\t\t\t\t\t<div class=\"elementor-container elementor-column-gap-default\">\n\t\t\t\t\t<div class=\"elementor-column elementor-col-100 elementor-top-column elementor-element elementor-element-e07bcdc\" data-id=\"e07bcdc\" data-element_type=\"column\" data-e-type=\"column\">\n\t\t\t<div class=\"elementor-widget-wrap elementor-element-populated\">\n\t\t\t\t\t\t<div class=\"elementor-element elementor-element-5735523 elementor-invisible elementor-widget elementor-widget-heading\" data-id=\"5735523\" data-element_type=\"widget\" data-e-type=\"widget\" data-settings=\"{&quot;_animation&quot;:&quot;fadeIn&quot;}\" data-widget_type=\"heading.default\">\n\t\t\t\t<div class=\"elementor-widget-container\">\n\t\t\t\t\t<h2 class=\"elementor-heading-title elementor-size-default\">\u00dcber uns<\/h2>\t\t\t\t<\/div>\n\t\t\t\t<\/div>\n\t\t\t\t\t<\/div>\n\t\t<\/div>\n\t\t\t\t\t<\/div>\n\t\t<\/section>\n\t\t\t\t<section class=\"elementor-section elementor-top-section elementor-element elementor-element-492a4b8 elementor-section-boxed elementor-section-height-default elementor-section-height-default\" data-id=\"492a4b8\" data-element_type=\"section\" data-e-type=\"section\">\n\t\t\t\t\t\t<div class=\"elementor-container elementor-column-gap-default\">\n\t\t\t\t\t<div class=\"elementor-column elementor-col-100 elementor-top-column elementor-element elementor-element-9142065\" data-id=\"9142065\" data-element_type=\"column\" data-e-type=\"column\">\n\t\t\t<div class=\"elementor-widget-wrap elementor-element-populated\">\n\t\t\t\t\t\t<div class=\"elementor-element elementor-element-6417917 elementor-invisible elementor-widget elementor-widget-image\" data-id=\"6417917\" data-element_type=\"widget\" data-e-type=\"widget\" data-settings=\"{&quot;_animation&quot;:&quot;fadeIn&quot;}\" data-widget_type=\"image.default\">\n\t\t\t\t<div class=\"elementor-widget-container\">\n\t\t\t\t\t\t\t\t\t\t\t\t\t\t\t<img fetchpriority=\"high\" decoding=\"async\" width=\"1024\" height=\"281\" src=\"https:\/\/elysiumecoboat.com\/wp-content\/uploads\/2025\/03\/logotipo-Elysium-color-2-1024x281.webp\" class=\"attachment-large size-large wp-image-1322\" alt=\"\" srcset=\"https:\/\/elysiumecoboat.com\/wp-content\/uploads\/2025\/03\/logotipo-Elysium-color-2-1024x281.webp 1024w, https:\/\/elysiumecoboat.com\/wp-content\/uploads\/2025\/03\/logotipo-Elysium-color-2-300x82.webp 300w, https:\/\/elysiumecoboat.com\/wp-content\/uploads\/2025\/03\/logotipo-Elysium-color-2-768x211.webp 768w, https:\/\/elysiumecoboat.com\/wp-content\/uploads\/2025\/03\/logotipo-Elysium-color-2-1536x421.webp 1536w, https:\/\/elysiumecoboat.com\/wp-content\/uploads\/2025\/03\/logotipo-Elysium-color-2.webp 1578w\" sizes=\"(max-width: 1024px) 100vw, 1024px\" \/>\t\t\t\t\t\t\t\t\t\t\t\t\t\t\t<\/div>\n\t\t\t\t<\/div>\n\t\t\t\t<div class=\"elementor-element elementor-element-cd28e07 elementor-widget-divider--view-line_text elementor-widget-divider--element-align-center elementor-invisible elementor-widget elementor-widget-divider\" data-id=\"cd28e07\" data-element_type=\"widget\" data-e-type=\"widget\" data-settings=\"{&quot;_animation&quot;:&quot;fadeIn&quot;}\" data-widget_type=\"divider.default\">\n\t\t\t\t<div class=\"elementor-widget-container\">\n\t\t\t\t\t\t\t<div class=\"elementor-divider\">\n\t\t\t<span class=\"elementor-divider-separator\">\n\t\t\t\t\t\t\t<span class=\"elementor-divider__text elementor-divider__element\">\n\t\t\t\t\u00dcber ELysium\t\t\t\t<\/span>\n\t\t\t\t\t\t<\/span>\n\t\t<\/div>\n\t\t\t\t\t\t<\/div>\n\t\t\t\t<\/div>\n\t\t\t\t<div class=\"elementor-element elementor-element-4e88adc elementor-widget__width-initial elementor-invisible elementor-widget elementor-widget-heading\" data-id=\"4e88adc\" data-element_type=\"widget\" data-e-type=\"widget\" data-settings=\"{&quot;_animation&quot;:&quot;fadeIn&quot;,&quot;_animation_delay&quot;:200}\" data-widget_type=\"heading.default\">\n\t\t\t\t<div class=\"elementor-widget-container\">\n\t\t\t\t\t<h2 class=\"elementor-heading-title elementor-size-default\">\u00d6kologisch segeln an der Nordk\u00fcste Mallorcas<\/h2>\t\t\t\t<\/div>\n\t\t\t\t<\/div>\n\t\t\t\t<div class=\"elementor-element elementor-element-24d2c34 elementor-widget__width-initial elementor-invisible elementor-widget elementor-widget-text-editor\" data-id=\"24d2c34\" data-element_type=\"widget\" data-e-type=\"widget\" data-settings=\"{&quot;_animation&quot;:&quot;fadeIn&quot;,&quot;_animation_delay&quot;:400}\" data-widget_type=\"text-editor.default\">\n\t\t\t\t<div class=\"elementor-widget-container\">\n\t\t\t\t\t\t\t\t\t<p>Elysium Eco Boat Experience entstand aus der Liebe zum Meer und dem Engagement f\u00fcr die Umwelt. Unser Ziel ist es, exklusiven und nachhaltigen Tourismus anzubieten, bei dem Komfort und \u00f6kologische Bewusstseinsbildung Hand in Hand gehen. Mit uns zu segeln bedeutet, ohne Spuren zu hinterlassen, mit einem Boot, das dazu entworfen wurde, die Reinheit unserer kristallklaren Gew\u00e4sser zu bewahren.  <\/p>\t\t\t\t\t\t\t\t<\/div>\n\t\t\t\t<\/div>\n\t\t\t\t<section class=\"elementor-section elementor-inner-section elementor-element elementor-element-63b90ba elementor-section-boxed elementor-section-height-default elementor-section-height-default elementor-invisible\" data-id=\"63b90ba\" data-element_type=\"section\" data-e-type=\"section\" data-settings=\"{&quot;animation&quot;:&quot;fadeIn&quot;}\">\n\t\t\t\t\t\t<div class=\"elementor-container elementor-column-gap-default\">\n\t\t\t\t\t<div class=\"elementor-column elementor-col-100 elementor-inner-column elementor-element elementor-element-f26e860\" data-id=\"f26e860\" data-element_type=\"column\" data-e-type=\"column\" data-settings=\"{&quot;background_background&quot;:&quot;classic&quot;}\">\n\t\t\t<div class=\"elementor-widget-wrap elementor-element-populated\">\n\t\t\t\t\t\t<div class=\"elementor-element elementor-element-6c4c6df elementor-widget elementor-widget-spacer\" data-id=\"6c4c6df\" data-element_type=\"widget\" data-e-type=\"widget\" data-widget_type=\"spacer.default\">\n\t\t\t\t<div class=\"elementor-widget-container\">\n\t\t\t\t\t\t\t<div class=\"elementor-spacer\">\n\t\t\t<div class=\"elementor-spacer-inner\"><\/div>\n\t\t<\/div>\n\t\t\t\t\t\t<\/div>\n\t\t\t\t<\/div>\n\t\t\t\t\t<\/div>\n\t\t<\/div>\n\t\t\t\t\t<\/div>\n\t\t<\/section>\n\t\t\t\t<section class=\"elementor-section elementor-inner-section elementor-element elementor-element-ed90e4e elementor-section-boxed elementor-section-height-default elementor-section-height-default\" data-id=\"ed90e4e\" data-element_type=\"section\" data-e-type=\"section\">\n\t\t\t\t\t\t<div class=\"elementor-container elementor-column-gap-default\">\n\t\t\t\t\t<div class=\"elementor-column elementor-col-50 elementor-inner-column elementor-element elementor-element-49940f9 elementor-invisible\" data-id=\"49940f9\" data-element_type=\"column\" data-e-type=\"column\" data-settings=\"{&quot;animation&quot;:&quot;fadeIn&quot;,&quot;animation_delay&quot;:200}\">\n\t\t\t<div class=\"elementor-widget-wrap elementor-element-populated\">\n\t\t\t\t\t\t<div class=\"elementor-element elementor-element-33f0e72 elementor-widget elementor-widget-image\" data-id=\"33f0e72\" data-element_type=\"widget\" data-e-type=\"widget\" data-widget_type=\"image.default\">\n\t\t\t\t<div class=\"elementor-widget-container\">\n\t\t\t\t\t\t\t\t\t\t\t\t\t\t\t<img decoding=\"async\" width=\"1024\" height=\"576\" src=\"https:\/\/elysiumecoboat.com\/wp-content\/uploads\/2025\/03\/vlcsnap-2024-11-15-11h55m13s601-1024x576.webp\" class=\"attachment-large size-large wp-image-1348\" alt=\"\" srcset=\"https:\/\/elysiumecoboat.com\/wp-content\/uploads\/2025\/03\/vlcsnap-2024-11-15-11h55m13s601-1024x576.webp 1024w, https:\/\/elysiumecoboat.com\/wp-content\/uploads\/2025\/03\/vlcsnap-2024-11-15-11h55m13s601-300x169.webp 300w, https:\/\/elysiumecoboat.com\/wp-content\/uploads\/2025\/03\/vlcsnap-2024-11-15-11h55m13s601-768x432.webp 768w, https:\/\/elysiumecoboat.com\/wp-content\/uploads\/2025\/03\/vlcsnap-2024-11-15-11h55m13s601-1536x864.webp 1536w, https:\/\/elysiumecoboat.com\/wp-content\/uploads\/2025\/03\/vlcsnap-2024-11-15-11h55m13s601.webp 1920w\" sizes=\"(max-width: 1024px) 100vw, 1024px\" \/>\t\t\t\t\t\t\t\t\t\t\t\t\t\t\t<\/div>\n\t\t\t\t<\/div>\n\t\t\t\t\t<\/div>\n\t\t<\/div>\n\t\t\t\t<div class=\"elementor-column elementor-col-50 elementor-inner-column elementor-element elementor-element-fd67f10 elementor-invisible\" data-id=\"fd67f10\" data-element_type=\"column\" data-e-type=\"column\" data-settings=\"{&quot;animation&quot;:&quot;fadeIn&quot;,&quot;animation_delay&quot;:600}\">\n\t\t\t<div class=\"elementor-widget-wrap elementor-element-populated\">\n\t\t\t\t\t\t<div class=\"elementor-element elementor-element-b6e260f elementor-widget elementor-widget-image\" data-id=\"b6e260f\" data-element_type=\"widget\" data-e-type=\"widget\" data-widget_type=\"image.default\">\n\t\t\t\t<div class=\"elementor-widget-container\">\n\t\t\t\t\t\t\t\t\t\t\t\t\t\t\t<img decoding=\"async\" width=\"1024\" height=\"576\" src=\"https:\/\/elysiumecoboat.com\/wp-content\/uploads\/2025\/03\/vlcsnap-2024-11-15-11h55m22s611-1024x576.webp\" class=\"attachment-large size-large wp-image-1346\" alt=\"\" srcset=\"https:\/\/elysiumecoboat.com\/wp-content\/uploads\/2025\/03\/vlcsnap-2024-11-15-11h55m22s611-1024x576.webp 1024w, https:\/\/elysiumecoboat.com\/wp-content\/uploads\/2025\/03\/vlcsnap-2024-11-15-11h55m22s611-300x169.webp 300w, https:\/\/elysiumecoboat.com\/wp-content\/uploads\/2025\/03\/vlcsnap-2024-11-15-11h55m22s611-768x432.webp 768w, https:\/\/elysiumecoboat.com\/wp-content\/uploads\/2025\/03\/vlcsnap-2024-11-15-11h55m22s611-1536x864.webp 1536w, https:\/\/elysiumecoboat.com\/wp-content\/uploads\/2025\/03\/vlcsnap-2024-11-15-11h55m22s611.webp 1920w\" sizes=\"(max-width: 1024px) 100vw, 1024px\" \/>\t\t\t\t\t\t\t\t\t\t\t\t\t\t\t<\/div>\n\t\t\t\t<\/div>\n\t\t\t\t\t<\/div>\n\t\t<\/div>\n\t\t\t\t\t<\/div>\n\t\t<\/section>\n\t\t\t\t\t<\/div>\n\t\t<\/div>\n\t\t\t\t\t<\/div>\n\t\t<\/section>\n\t\t\t\t<\/div>\n\t\t","protected":false},"excerpt":{"rendered":"<p>\u00dcber uns \u00dcber ELysium \u00d6kologisch segeln an der Nordk\u00fcste Mallorcas Elysium Eco Boat Experience entstand aus der Liebe zum Meer [&hellip;]<\/p>\n","protected":false},"author":1,"featured_media":0,"parent":0,"menu_order":0,"comment_status":"closed","ping_status":"closed","template":"elementor_header_footer","meta":{"site-sidebar-layout":"no-sidebar","site-content-layout":"","ast-site-content-layout":"full-width-container","site-content-style":"default","site-sidebar-style":"default","ast-global-header-display":"","ast-banner-title-visibility":"","ast-main-header-display":"","ast-hfb-above-header-display":"","ast-hfb-below-header-display":"","ast-hfb-mobile-header-display":"","site-post-title":"disabled","ast-breadcrumbs-content":"","ast-featured-img":"disabled","footer-sml-layout":"","ast-disable-related-posts":"","theme-transparent-header-meta":"","adv-header-id-meta":"","stick-header-meta":"","header-above-stick-meta":"","header-main-stick-meta":"","header-below-stick-meta":"","astra-migrate-meta-layouts":"default","ast-page-background-enabled":"default","ast-page-background-meta":{"desktop":{"background-color":"var(--ast-global-color-5)","background-image":"","background-repeat":"repeat","background-position":"center center","background-size":"auto","background-attachment":"scroll","background-type":"","background-media":"","overlay-type":"","overlay-color":"","overlay-opacity":"","overlay-gradient":""},"tablet":{"background-color":"","background-image":"","background-repeat":"repeat","background-position":"center center","background-size":"auto","background-attachment":"scroll","background-type":"","background-media":"","overlay-type":"","overlay-color":"","overlay-opacity":"","overlay-gradient":""},"mobile":{"background-color":"","background-image":"","background-repeat":"repeat","background-position":"center center","background-size":"auto","background-attachment":"scroll","background-type":"","background-media":"","overlay-type":"","overlay-color":"","overlay-opacity":"","overlay-gradient":""}},"ast-content-background-meta":{"desktop":{"background-color":"var(--ast-global-color-4)","background-image":"","background-repeat":"repeat","background-position":"center center","background-size":"auto","background-attachment":"scroll","background-type":"","background-media":"","overlay-type":"","overlay-color":"","overlay-opacity":"","overlay-gradient":""},"tablet":{"background-color":"var(--ast-global-color-4)","background-image":"","background-repeat":"repeat","background-position":"center center","background-size":"auto","background-attachment":"scroll","background-type":"","background-media":"","overlay-type":"","overlay-color":"","overlay-opacity":"","overlay-gradient":""},"mobile":{"background-color":"var(--ast-global-color-4)","background-image":"","background-repeat":"repeat","background-position":"center center","background-size":"auto","background-attachment":"scroll","background-type":"","background-media":"","overlay-type":"","overlay-color":"","overlay-opacity":"","overlay-gradient":""}},"footnotes":""},"class_list":["post-1959","page","type-page","status-publish","hentry"],"yoast_head":"<!-- This site is optimized with the Yoast SEO plugin v27.4 - https:\/\/yoast.com\/product\/yoast-seo-wordpress\/ -->\n<title>\u00dcber uns - Elysium<\/title>\n<meta name=\"robots\" content=\"index, follow, max-snippet:-1, max-image-preview:large, max-video-preview:-1\" \/>\n<link rel=\"canonical\" href=\"https:\/\/elysiumecoboat.com\/de\/ueber-uns\/\" \/>\n<meta property=\"og:locale\" content=\"de_DE\" \/>\n<meta property=\"og:type\" content=\"article\" \/>\n<meta property=\"og:title\" content=\"\u00dcber uns - Elysium\" \/>\n<meta property=\"og:description\" content=\"\u00dcber uns \u00dcber ELysium \u00d6kologisch segeln an der Nordk\u00fcste Mallorcas Elysium Eco Boat Experience entstand aus der Liebe zum Meer [&hellip;]\" \/>\n<meta property=\"og:url\" content=\"https:\/\/elysiumecoboat.com\/de\/ueber-uns\/\" \/>\n<meta property=\"og:site_name\" content=\"Elysium\" \/>\n<meta property=\"article:publisher\" content=\"https:\/\/www.instagram.com\/elysium_ecoboat_mallorca\/\" \/>\n<meta property=\"article:modified_time\" content=\"2025-05-09T09:43:45+00:00\" \/>\n<meta property=\"og:image\" content=\"https:\/\/elysiumecoboat.com\/wp-content\/uploads\/2025\/03\/logotipo-Elysium-color-2.webp\" \/>\n\t<meta property=\"og:image:width\" content=\"1578\" \/>\n\t<meta property=\"og:image:height\" content=\"433\" \/>\n\t<meta property=\"og:image:type\" content=\"image\/webp\" \/>\n<meta name=\"twitter:card\" content=\"summary_large_image\" \/>\n<script type=\"application\/ld+json\" class=\"yoast-schema-graph\">{\"@context\":\"https:\\\/\\\/schema.org\",\"@graph\":[{\"@type\":\"WebPage\",\"@id\":\"https:\\\/\\\/elysiumecoboat.com\\\/de\\\/ueber-uns\\\/\",\"url\":\"https:\\\/\\\/elysiumecoboat.com\\\/de\\\/ueber-uns\\\/\",\"name\":\"\u00dcber uns - Elysium\",\"isPartOf\":{\"@id\":\"https:\\\/\\\/elysiumecoboat.com\\\/de\\\/#website\"},\"primaryImageOfPage\":{\"@id\":\"https:\\\/\\\/elysiumecoboat.com\\\/de\\\/ueber-uns\\\/#primaryimage\"},\"image\":{\"@id\":\"https:\\\/\\\/elysiumecoboat.com\\\/de\\\/ueber-uns\\\/#primaryimage\"},\"thumbnailUrl\":\"https:\\\/\\\/elysiumecoboat.com\\\/wp-content\\\/uploads\\\/2025\\\/03\\\/logotipo-Elysium-color-2-1024x281.webp\",\"datePublished\":\"2025-03-20T17:59:55+00:00\",\"dateModified\":\"2025-05-09T09:43:45+00:00\",\"breadcrumb\":{\"@id\":\"https:\\\/\\\/elysiumecoboat.com\\\/de\\\/ueber-uns\\\/#breadcrumb\"},\"inLanguage\":\"de\",\"potentialAction\":[{\"@type\":\"ReadAction\",\"target\":[\"https:\\\/\\\/elysiumecoboat.com\\\/de\\\/ueber-uns\\\/\"]}]},{\"@type\":\"ImageObject\",\"inLanguage\":\"de\",\"@id\":\"https:\\\/\\\/elysiumecoboat.com\\\/de\\\/ueber-uns\\\/#primaryimage\",\"url\":\"https:\\\/\\\/elysiumecoboat.com\\\/wp-content\\\/uploads\\\/2025\\\/03\\\/logotipo-Elysium-color-2-1024x281.webp\",\"contentUrl\":\"https:\\\/\\\/elysiumecoboat.com\\\/wp-content\\\/uploads\\\/2025\\\/03\\\/logotipo-Elysium-color-2-1024x281.webp\"},{\"@type\":\"BreadcrumbList\",\"@id\":\"https:\\\/\\\/elysiumecoboat.com\\\/de\\\/ueber-uns\\\/#breadcrumb\",\"itemListElement\":[{\"@type\":\"ListItem\",\"position\":1,\"name\":\"Home\",\"item\":\"https:\\\/\\\/elysiumecoboat.com\\\/de\\\/\"},{\"@type\":\"ListItem\",\"position\":2,\"name\":\"\u00dcber uns\"}]},{\"@type\":\"WebSite\",\"@id\":\"https:\\\/\\\/elysiumecoboat.com\\\/de\\\/#website\",\"url\":\"https:\\\/\\\/elysiumecoboat.com\\\/de\\\/\",\"name\":\"Elysium\",\"description\":\"Eco Boat Experience\",\"publisher\":{\"@id\":\"https:\\\/\\\/elysiumecoboat.com\\\/de\\\/#organization\"},\"potentialAction\":[{\"@type\":\"SearchAction\",\"target\":{\"@type\":\"EntryPoint\",\"urlTemplate\":\"https:\\\/\\\/elysiumecoboat.com\\\/de\\\/?s={search_term_string}\"},\"query-input\":{\"@type\":\"PropertyValueSpecification\",\"valueRequired\":true,\"valueName\":\"search_term_string\"}}],\"inLanguage\":\"de\"},{\"@type\":\"Organization\",\"@id\":\"https:\\\/\\\/elysiumecoboat.com\\\/de\\\/#organization\",\"name\":\"Elysium\",\"url\":\"https:\\\/\\\/elysiumecoboat.com\\\/de\\\/\",\"logo\":{\"@type\":\"ImageObject\",\"inLanguage\":\"de\",\"@id\":\"https:\\\/\\\/elysiumecoboat.com\\\/de\\\/#\\\/schema\\\/logo\\\/image\\\/\",\"url\":\"https:\\\/\\\/elysiumecoboat.com\\\/wp-content\\\/uploads\\\/2025\\\/03\\\/logotipo-Elysium-color-1.webp\",\"contentUrl\":\"https:\\\/\\\/elysiumecoboat.com\\\/wp-content\\\/uploads\\\/2025\\\/03\\\/logotipo-Elysium-color-1.webp\",\"width\":1576,\"height\":432,\"caption\":\"Elysium\"},\"image\":{\"@id\":\"https:\\\/\\\/elysiumecoboat.com\\\/de\\\/#\\\/schema\\\/logo\\\/image\\\/\"},\"sameAs\":[\"https:\\\/\\\/www.instagram.com\\\/elysium_ecoboat_mallorca\\\/\"]}]}<\/script>\n<!-- \/ Yoast SEO plugin. -->","yoast_head_json":{"title":"\u00dcber uns - Elysium","robots":{"index":"index","follow":"follow","max-snippet":"max-snippet:-1","max-image-preview":"max-image-preview:large","max-video-preview":"max-video-preview:-1"},"canonical":"https:\/\/elysiumecoboat.com\/de\/ueber-uns\/","og_locale":"de_DE","og_type":"article","og_title":"\u00dcber uns - Elysium","og_description":"\u00dcber uns \u00dcber ELysium \u00d6kologisch segeln an der Nordk\u00fcste Mallorcas Elysium Eco Boat Experience entstand aus der Liebe zum Meer [&hellip;]","og_url":"https:\/\/elysiumecoboat.com\/de\/ueber-uns\/","og_site_name":"Elysium","article_publisher":"https:\/\/www.instagram.com\/elysium_ecoboat_mallorca\/","article_modified_time":"2025-05-09T09:43:45+00:00","og_image":[{"width":1578,"height":433,"url":"https:\/\/elysiumecoboat.com\/wp-content\/uploads\/2025\/03\/logotipo-Elysium-color-2.webp","type":"image\/webp"}],"twitter_card":"summary_large_image","schema":{"@context":"https:\/\/schema.org","@graph":[{"@type":"WebPage","@id":"https:\/\/elysiumecoboat.com\/de\/ueber-uns\/","url":"https:\/\/elysiumecoboat.com\/de\/ueber-uns\/","name":"\u00dcber uns - Elysium","isPartOf":{"@id":"https:\/\/elysiumecoboat.com\/de\/#website"},"primaryImageOfPage":{"@id":"https:\/\/elysiumecoboat.com\/de\/ueber-uns\/#primaryimage"},"image":{"@id":"https:\/\/elysiumecoboat.com\/de\/ueber-uns\/#primaryimage"},"thumbnailUrl":"https:\/\/elysiumecoboat.com\/wp-content\/uploads\/2025\/03\/logotipo-Elysium-color-2-1024x281.webp","datePublished":"2025-03-20T17:59:55+00:00","dateModified":"2025-05-09T09:43:45+00:00","breadcrumb":{"@id":"https:\/\/elysiumecoboat.com\/de\/ueber-uns\/#breadcrumb"},"inLanguage":"de","potentialAction":[{"@type":"ReadAction","target":["https:\/\/elysiumecoboat.com\/de\/ueber-uns\/"]}]},{"@type":"ImageObject","inLanguage":"de","@id":"https:\/\/elysiumecoboat.com\/de\/ueber-uns\/#primaryimage","url":"https:\/\/elysiumecoboat.com\/wp-content\/uploads\/2025\/03\/logotipo-Elysium-color-2-1024x281.webp","contentUrl":"https:\/\/elysiumecoboat.com\/wp-content\/uploads\/2025\/03\/logotipo-Elysium-color-2-1024x281.webp"},{"@type":"BreadcrumbList","@id":"https:\/\/elysiumecoboat.com\/de\/ueber-uns\/#breadcrumb","itemListElement":[{"@type":"ListItem","position":1,"name":"Home","item":"https:\/\/elysiumecoboat.com\/de\/"},{"@type":"ListItem","position":2,"name":"\u00dcber uns"}]},{"@type":"WebSite","@id":"https:\/\/elysiumecoboat.com\/de\/#website","url":"https:\/\/elysiumecoboat.com\/de\/","name":"Elysium","description":"Eco Boat Experience","publisher":{"@id":"https:\/\/elysiumecoboat.com\/de\/#organization"},"potentialAction":[{"@type":"SearchAction","target":{"@type":"EntryPoint","urlTemplate":"https:\/\/elysiumecoboat.com\/de\/?s={search_term_string}"},"query-input":{"@type":"PropertyValueSpecification","valueRequired":true,"valueName":"search_term_string"}}],"inLanguage":"de"},{"@type":"Organization","@id":"https:\/\/elysiumecoboat.com\/de\/#organization","name":"Elysium","url":"https:\/\/elysiumecoboat.com\/de\/","logo":{"@type":"ImageObject","inLanguage":"de","@id":"https:\/\/elysiumecoboat.com\/de\/#\/schema\/logo\/image\/","url":"https:\/\/elysiumecoboat.com\/wp-content\/uploads\/2025\/03\/logotipo-Elysium-color-1.webp","contentUrl":"https:\/\/elysiumecoboat.com\/wp-content\/uploads\/2025\/03\/logotipo-Elysium-color-1.webp","width":1576,"height":432,"caption":"Elysium"},"image":{"@id":"https:\/\/elysiumecoboat.com\/de\/#\/schema\/logo\/image\/"},"sameAs":["https:\/\/www.instagram.com\/elysium_ecoboat_mallorca\/"]}]}},"_links":{"self":[{"href":"https:\/\/elysiumecoboat.com\/de\/wp-json\/wp\/v2\/pages\/1959","targetHints":{"allow":["GET"]}}],"collection":[{"href":"https:\/\/elysiumecoboat.com\/de\/wp-json\/wp\/v2\/pages"}],"about":[{"href":"https:\/\/elysiumecoboat.com\/de\/wp-json\/wp\/v2\/types\/page"}],"author":[{"embeddable":true,"href":"https:\/\/elysiumecoboat.com\/de\/wp-json\/wp\/v2\/users\/1"}],"replies":[{"embeddable":true,"href":"https:\/\/elysiumecoboat.com\/de\/wp-json\/wp\/v2\/comments?post=1959"}],"version-history":[{"count":3,"href":"https:\/\/elysiumecoboat.com\/de\/wp-json\/wp\/v2\/pages\/1959\/revisions"}],"predecessor-version":[{"id":2093,"href":"https:\/\/elysiumecoboat.com\/de\/wp-json\/wp\/v2\/pages\/1959\/revisions\/2093"}],"wp:attachment":[{"href":"https:\/\/elysiumecoboat.com\/de\/wp-json\/wp\/v2\/media?parent=1959"}],"curies":[{"name":"wp","href":"https:\/\/api.w.org\/{rel}","templated":true}]}}